{"id":6305,"date":"2022-02-16T16:03:35","date_gmt":"2022-02-16T15:03:35","guid":{"rendered":"https:\/\/vibemobil.se\/?page_id=6305"},"modified":"2023-06-07T11:51:15","modified_gmt":"2023-06-07T09:51:15","slug":"vaxel","status":"publish","type":"page","link":"https:\/\/vibeit.nu\/en\/telephone-exchange\/","title":{"rendered":"Telephone exchange"},"content":{"rendered":"<div id=\"fws_69e49155749b0\"  data-column-margin=\"default\" data-midnight=\"light\" data-top-percent=\"8%\" data-bottom-percent=\"8%\"  class=\"wpb_row vc_row-fluid vc_row full-width-section vc_row-o-equal-height vc_row-flex vc_row-o-content-bottom parallax_section about_hero\"  style=\"padding-top: calc(100vw * 0.08); padding-bottom: calc(100vw * 0.08); \"><div class=\"row-bg-wrap\" data-bg-animation=\"none\" data-bg-overlay=\"true\"><div class=\"inner-wrap using-image\"><div class=\"row-bg viewport-desktop using-image has-phone\" data-parallax-speed=\"fast\" style=\"background-image: url(https:\/\/vibeit.nu\/wp-content\/uploads\/2023\/06\/VibeIT.jpg); background-position: center top; background-repeat: no-repeat; \"><\/div><div class=\"row-bg viewport-phone using-image\" data-parallax-speed=\"fast\" style=\"background-image: url(https:\/\/vibeit.nu\/wp-content\/uploads\/2022\/03\/324567.jpg); background-position: center top; background-repeat: no-repeat; \"><\/div><\/div><div class=\"row-bg-overlay\" style=\"background: linear-gradient(to bottom,#0a0a0a 0%,rgba(255,255,255,0.001) 75%);  opacity: 0.5; \"><\/div><\/div><div class=\"row_col_wrap_12 col span_12 light center\">\n\t<div  class=\"vc_col-sm-12 wpb_column column_container vc_column_container col no-extra-padding inherit_tablet inherit_phone\"  data-padding-pos=\"all\" data-has-bg-color=\"false\" data-bg-color=\"\" data-bg-opacity=\"1\" data-animation=\"\" data-delay=\"0\" >\n\t\t<div class=\"vc_column-inner\" >\n\t\t\t<div class=\"wpb_wrapper\">\n\t\t\t\t\n<div class=\"wpb_text_column wpb_content_element\" style=\" max-width: 660px; display: inline-block;\">\n\t<div class=\"wpb_wrapper\">\n\t\t<h1 style=\"text-align: center;\">We have solutions for everything within mobile subscriptions<\/h1>\n<div id=\"comp-ke3wsbbj\" class=\"_1Q9if\" data-testid=\"richTextElement\">\n<h3 class=\"font_0\" style=\"text-align: center;\">Surf rocket fast with us!<\/h3>\n<\/div>\n\t<\/div>\n<\/div>\n\n\n\n\n\t\t\t<\/div> \n\t\t<\/div>\n\t<\/div> \n<\/div><\/div>\n\t\t<div id=\"fws_69e4915575281\"  data-column-margin=\"default\" data-midnight=\"dark\" data-top-percent=\"2%\"  class=\"wpb_row vc_row-fluid vc_row full-width-content vc_row-o-equal-height vc_row-flex vc_row-o-content-top\"  style=\"padding-top: calc(100vw * 0.02); padding-bottom: 0px; \"><div class=\"row-bg-wrap\" data-bg-animation=\"none\" data-bg-overlay=\"false\"><div class=\"inner-wrap\"><div class=\"row-bg viewport-desktop using-bg-color\"  style=\"background-color: #87a1ba; \"><\/div><\/div><\/div><div class=\"row_col_wrap_12 col span_12 dark center\">\n\t<div  class=\"vc_col-sm-12 vc_hidden-xs wpb_column column_container vc_column_container col no-extra-padding inherit_tablet inherit_phone\"  data-padding-pos=\"all\" data-has-bg-color=\"false\" data-bg-color=\"\" data-bg-opacity=\"1\" data-animation=\"\" data-delay=\"0\" >\n\t\t<div class=\"vc_column-inner\" >\n\t\t\t<div class=\"wpb_wrapper\">\n\t\t\t\t<div  class=\"vc_wp_custommenu wpb_content_element sub_menu\"><div class=\"widget widget_nav_menu\"><div class=\"menu-services_menu-container\"><ul id=\"menu-services_menu\" class=\"menu\"><li id=\"menu-item-6310\" class=\"menu-item menu-item-type-post_type menu-item-object-page menu-item-6310\"><a href=\"https:\/\/vibeit.nu\/en\/mobile-broadband\/\">Mobile broadband<\/a><\/li>\n<li id=\"menu-item-6309\" class=\"menu-item menu-item-type-post_type menu-item-object-page menu-item-6309\"><a href=\"https:\/\/vibeit.nu\/en\/subscription\/\">Subscription<\/a><\/li>\n<li id=\"menu-item-6965\" class=\"menu-item menu-item-type-post_type menu-item-object-page menu-item-6965\"><a href=\"https:\/\/vibeit.nu\/en\/mobile-broadband\/\">Hemsida<\/a><\/li>\n<li id=\"menu-item-6311\" class=\"menu-item menu-item-type-post_type menu-item-object-page menu-item-6311\"><a href=\"https:\/\/vibeit.nu\/en\/telephone-exchange\/\">Telephone exchange<\/a><\/li>\n<\/ul><\/div><\/div><\/div>\n\t\t\t<\/div> \n\t\t<\/div>\n\t<\/div> \n<\/div><\/div>\n\t\t<div id=\"fws_69e491557ae57\"  data-column-margin=\"default\" data-midnight=\"dark\"  class=\"wpb_row vc_row-fluid vc_row full-width-section sub_menu\"  style=\"padding-top: 0px; padding-bottom: 0px; \"><div class=\"row-bg-wrap\" data-bg-animation=\"none\" data-bg-overlay=\"false\"><div class=\"inner-wrap\"><div class=\"row-bg viewport-desktop using-bg-color\"  style=\"background-color: #87a1ba; \"><\/div><\/div><\/div><div class=\"row_col_wrap_12 col span_12 dark left\">\n\t<div  class=\"vc_col-sm-12 vc_hidden-lg vc_hidden-md vc_hidden-sm wpb_column column_container vc_column_container col no-extra-padding inherit_tablet inherit_phone\"  data-padding-pos=\"all\" data-has-bg-color=\"false\" data-bg-color=\"\" data-bg-opacity=\"1\" data-animation=\"\" data-delay=\"0\" >\n\t\t<div class=\"vc_column-inner\" >\n\t\t\t<div class=\"wpb_wrapper\">\n\t\t\t\t<div class=\"nectar-cta sub_page_menu alignment_tablet_default alignment_phone_default display_tablet_inherit display_phone_inherit\" data-color=\"default\" data-using-bg=\"false\" data-style=\"basic\" data-display=\"block\" data-alignment=\"center\" data-text-color=\"std\" style=\"margin-top: 10%; \"><h6><span class=\"link_wrap\" ><a  class=\"link_text\" href=\"https:\/\/vibeit.nu\/en\/mobile-broadband\/\"><span class=\"text\">Mobile broadband<\/span><\/a><\/span><\/h6><\/div><div class=\"nectar-cta sub_page_menu alignment_tablet_default alignment_phone_default display_tablet_inherit display_phone_inherit\" data-color=\"default\" data-using-bg=\"false\" data-style=\"basic\" data-display=\"block\" data-alignment=\"center\" data-text-color=\"std\" ><h6><span class=\"link_wrap\" ><a  class=\"link_text\" href=\"https:\/\/vibeit.nu\/en\/subscription\/\"><span class=\"text\">subscription<\/span><\/a><\/span><\/h6><\/div><div class=\"nectar-cta sub_page_menu active alignment_tablet_default alignment_phone_default display_tablet_inherit display_phone_inherit\" data-color=\"default\" data-using-bg=\"false\" data-style=\"basic\" data-display=\"block\" data-alignment=\"center\" data-text-color=\"std\" style=\"margin-bottom: 10%; \"><h6><span class=\"link_wrap\" ><a  class=\"link_text\" href=\"https:\/\/vibeit.nu\/en\/telephone-exchange\/\"><span class=\"text\">Telephone exchange<\/span><\/a><\/span><\/h6><\/div>\n\t\t\t<\/div> \n\t\t<\/div>\n\t<\/div> \n<\/div><\/div>\n\t\t<div id=\"fws_69e491557b62e\"  data-column-margin=\"default\" data-midnight=\"dark\" data-top-percent=\"10%\" data-bottom-percent=\"7%\"  class=\"wpb_row vc_row-fluid vc_row vc_row-o-equal-height vc_row-flex  shape_divider_phone_5pct reverse_columns_desktop\"  style=\"padding-top: calc(100vw * 0.10); padding-bottom: calc(100vw * 0.07); \"><div class=\"row-bg-wrap\" data-bg-animation=\"none\" data-bg-overlay=\"false\"><div class=\"inner-wrap\"><div class=\"row-bg viewport-desktop\"  style=\"\"><\/div><\/div><\/div><div class=\"row_col_wrap_12 col span_12 dark center\">\n\t<div  class=\"vc_col-sm-12 wpb_column column_container vc_column_container col force-tablet-text-align-left force-phone-text-align-left no-extra-padding inherit_tablet padding-5-percent_phone\"  data-padding-pos=\"top-bottom\" data-has-bg-color=\"false\" data-bg-color=\"\" data-bg-opacity=\"1\" data-animation=\"\" data-delay=\"0\" >\n\t\t<div class=\"vc_column-inner\" >\n\t\t\t<div class=\"wpb_wrapper\">\n\t\t\t\t\n\t\t\t<\/div> \n\t\t<\/div>\n\t<\/div> \n\n\t<div  class=\"vc_col-sm-8 wpb_column column_container vc_column_container col force-tablet-text-align-center force-phone-text-align-center no-extra-padding inherit_tablet inherit_phone\"  data-padding-pos=\"all\" data-has-bg-color=\"false\" data-bg-color=\"\" data-bg-opacity=\"1\" data-animation=\"\" data-delay=\"0\" >\n\t\t<div class=\"vc_column-inner\" >\n\t\t\t<div class=\"wpb_wrapper\">\n\t\t\t\t\n<div class=\"wpb_text_column wpb_content_element  vc_custom_1686131424637 dark_text\" style=\" max-width: 650px; display: inline-block;\">\n\t<div class=\"wpb_wrapper\">\n\t\t<h2 style=\"text-align: left;\"><span style=\"color: #000000;\"><strong>Why should I have a mobile exchange?\u00a0<\/strong><\/span><\/h2>\n<h5 style=\"text-align: left;\"><span style=\"color: #000000;\">Direct your calls quickly and easily to the right person. Increase your team&#039;s productivity and improve your customer experience. Work smart with your mobile, desktop computer, tablet or laptop on the Nordics&#039; largest exchange platform.<\/span><\/h5>\n\t<\/div>\n<\/div>\n\n\n\n\n<div class=\"wpb_text_column wpb_content_element  vc_custom_1646904180970 dark_text\" style=\" max-width: 650px; display: inline-block;\">\n\t<div class=\"wpb_wrapper\">\n\t\t<h2 style=\"text-align: left;\"><strong>A stylish front for your company<\/strong><\/h2>\n<p style=\"text-align: left;\">In order to give yourselves a more professional look to your customers and a more professional treatment, we can adapt the structure of the exchange based on your needs. We can adjust your menu choices, opening hours and number of users so that the right department or the right person receives the right calls.<\/p>\n\t<\/div>\n<\/div>\n\n\n\n\n<div class=\"wpb_text_column wpb_content_element  vc_custom_1686131462827 dark_text\" style=\" max-width: 650px; display: inline-block;\">\n\t<div class=\"wpb_wrapper\">\n\t\t<h2 style=\"text-align: left;\"><strong>Customization according to your needs<\/strong><\/h2>\n<p style=\"text-align: left;\">We build your exchange together with you based on your business needs. We adapt the exchange and set your opening hours and enter the desired information that will reach your end customer. Everything from a welcome message to a short greeting &quot;Thank you for calling V\u00e4xeln AB, we will take your call right away&quot;. If you receive several calls at the same time, we add a queue function that reduces the risk of missing your next customer. The gear is suitable for everything from small to large entrepreneurs, below we show which industries the gear has been successful in.<\/p>\n\t<\/div>\n<\/div>\n\n\n\n\n\t\t\t<\/div> \n\t\t<\/div>\n\t<\/div> \n\n\t<div style=\"margin-top: 15%; \" class=\"vc_col-sm-4 wpb_column column_container vc_column_container col no-extra-padding inherit_tablet inherit_phone\"  data-padding-pos=\"all\" data-has-bg-color=\"false\" data-bg-color=\"\" data-bg-opacity=\"1\" data-animation=\"\" data-delay=\"0\" >\n\t\t<div class=\"vc_column-inner\" >\n\t\t\t<div class=\"wpb_wrapper\">\n\t\t\t\t<div class=\"img-with-aniamtion-wrap center\" data-max-width=\"75%\" data-max-width-mobile=\"default\" data-shadow=\"none\" data-animation=\"fade-in\" >\n      <div class=\"inner\">\n        <div class=\"hover-wrap\"> \n          <div class=\"hover-wrap-inner\">\n            <img loading=\"lazy\" decoding=\"async\" class=\"img-with-animation skip-lazy\" data-delay=\"0\" height=\"695\" width=\"356\" data-animation=\"fade-in\" src=\"https:\/\/vibeit.nu\/wp-content\/uploads\/2022\/03\/pbx-illustration-svg.png\" alt=\"\" srcset=\"https:\/\/vibeit.nu\/wp-content\/uploads\/2022\/03\/pbx-illustration-svg.png 356w, https:\/\/vibeit.nu\/wp-content\/uploads\/2022\/03\/pbx-illustration-svg-154x300.png 154w\" sizes=\"auto, (max-width: 356px) 100vw, 356px\" \/>\n          <\/div>\n        <\/div>\n      <\/div>\n    <\/div>\n\t\t\t<\/div> \n\t\t<\/div>\n\t<\/div> \n<\/div><\/div>","protected":false},"excerpt":{"rendered":"Vi har l\u00f6sningar till allt inom mobilabonnemang Surfa raketsnabbt med oss! Mobila bredband Abonnemang Hemsida V\u00e4xel Mobila bredbandabonnemangV\u00e4xel Varf\u00f6r b\u00f6r jag ha en mobil v\u00e4xel?\u00a0...","protected":false},"author":1,"featured_media":0,"parent":0,"menu_order":0,"comment_status":"closed","ping_status":"closed","template":"","meta":{"footnotes":""},"class_list":["post-6305","page","type-page","status-publish"],"_links":{"self":[{"href":"https:\/\/vibeit.nu\/en\/wp-json\/wp\/v2\/pages\/6305","targetHints":{"allow":["GET"]}}],"collection":[{"href":"https:\/\/vibeit.nu\/en\/wp-json\/wp\/v2\/pages"}],"about":[{"href":"https:\/\/vibeit.nu\/en\/wp-json\/wp\/v2\/types\/page"}],"author":[{"embeddable":true,"href":"https:\/\/vibeit.nu\/en\/wp-json\/wp\/v2\/users\/1"}],"replies":[{"embeddable":true,"href":"https:\/\/vibeit.nu\/en\/wp-json\/wp\/v2\/comments?post=6305"}],"version-history":[{"count":32,"href":"https:\/\/vibeit.nu\/en\/wp-json\/wp\/v2\/pages\/6305\/revisions"}],"predecessor-version":[{"id":6949,"href":"https:\/\/vibeit.nu\/en\/wp-json\/wp\/v2\/pages\/6305\/revisions\/6949"}],"wp:attachment":[{"href":"https:\/\/vibeit.nu\/en\/wp-json\/wp\/v2\/media?parent=6305"}],"curies":[{"name":"wp","href":"https:\/\/api.w.org\/{rel}","templated":true}]}}