{"id":5962,"date":"2022-02-08T17:23:15","date_gmt":"2022-02-08T16:23:15","guid":{"rendered":"https:\/\/vibemobil.se\/?page_id=5962"},"modified":"2023-06-01T15:34:01","modified_gmt":"2023-06-01T13:34:01","slug":"mobila-bredband","status":"publish","type":"page","link":"https:\/\/vibeit.nu\/en\/mobile-broadband\/","title":{"rendered":"Mobile broadband"},"content":{"rendered":"<div id=\"fws_69e355b34a1bd\"  data-column-margin=\"default\" data-midnight=\"light\" data-top-percent=\"8%\" data-bottom-percent=\"8%\"  class=\"wpb_row vc_row-fluid vc_row full-width-section vc_row-o-equal-height vc_row-flex vc_row-o-content-bottom parallax_section about_hero\"  style=\"padding-top: calc(100vw * 0.08); padding-bottom: calc(100vw * 0.08); \"><div class=\"row-bg-wrap\" data-bg-animation=\"none\" data-bg-overlay=\"true\"><div class=\"inner-wrap using-image\"><div class=\"row-bg viewport-desktop using-image has-phone\" data-parallax-speed=\"fast\" style=\"background-image: url(https:\/\/vibeit.nu\/wp-content\/uploads\/2023\/06\/VibeIT.jpg); background-position: center top; background-repeat: no-repeat; \"><\/div><div class=\"row-bg viewport-phone using-image\" data-parallax-speed=\"fast\" style=\"background-image: url(https:\/\/vibeit.nu\/wp-content\/uploads\/2022\/03\/324567.jpg); background-position: center top; background-repeat: no-repeat; \"><\/div><\/div><div class=\"row-bg-overlay\" style=\"background: linear-gradient(to bottom,#0a0a0a 0%,rgba(255,255,255,0.001) 75%);  opacity: 0.5; \"><\/div><\/div><div class=\"row_col_wrap_12 col span_12 light center\">\n\t<div  class=\"vc_col-sm-12 wpb_column column_container vc_column_container col no-extra-padding inherit_tablet inherit_phone\"  data-padding-pos=\"all\" data-has-bg-color=\"false\" data-bg-color=\"\" data-bg-opacity=\"1\" data-animation=\"\" data-delay=\"0\" >\n\t\t<div class=\"vc_column-inner\" >\n\t\t\t<div class=\"wpb_wrapper\">\n\t\t\t\t\n<div class=\"wpb_text_column wpb_content_element\" style=\" max-width: 660px; display: inline-block;\">\n\t<div class=\"wpb_wrapper\">\n\t\t<h1 style=\"text-align: center;\">We have solutions for everything within mobile subscriptions<\/h1>\n<div id=\"comp-ke3wsbbj\" class=\"_1Q9if\" data-testid=\"richTextElement\">\n<h3 class=\"font_0\" style=\"text-align: center;\">Surf rocket fast with us!<\/h3>\n<\/div>\n\t<\/div>\n<\/div>\n\n\n\n\n\t\t\t<\/div> \n\t\t<\/div>\n\t<\/div> \n<\/div><\/div>\n\t\t<div id=\"fws_69e355b34abdb\"  data-column-margin=\"default\" data-midnight=\"dark\" data-top-percent=\"2%\"  class=\"wpb_row vc_row-fluid vc_row full-width-content vc_row-o-equal-height vc_row-flex vc_row-o-content-top\"  style=\"padding-top: calc(100vw * 0.02); padding-bottom: 0px; \"><div class=\"row-bg-wrap\" data-bg-animation=\"none\" data-bg-overlay=\"false\"><div class=\"inner-wrap\"><div class=\"row-bg viewport-desktop using-bg-color\"  style=\"background-color: #87a1ba; \"><\/div><\/div><\/div><div class=\"row_col_wrap_12 col span_12 dark center\">\n\t<div  class=\"vc_col-sm-12 vc_hidden-xs wpb_column column_container vc_column_container col no-extra-padding inherit_tablet inherit_phone\"  data-padding-pos=\"all\" data-has-bg-color=\"false\" data-bg-color=\"\" data-bg-opacity=\"1\" data-animation=\"\" data-delay=\"0\" >\n\t\t<div class=\"vc_column-inner\" >\n\t\t\t<div class=\"wpb_wrapper\">\n\t\t\t\t<div  class=\"vc_wp_custommenu wpb_content_element sub_menu\"><div class=\"widget widget_nav_menu\"><div class=\"menu-services_menu-container\"><ul id=\"menu-services_menu\" class=\"menu\"><li id=\"menu-item-6310\" class=\"menu-item menu-item-type-post_type menu-item-object-page menu-item-6310\"><a href=\"https:\/\/vibeit.nu\/en\/mobile-broadband\/\">Mobile broadband<\/a><\/li>\n<li id=\"menu-item-6309\" class=\"menu-item menu-item-type-post_type menu-item-object-page menu-item-6309\"><a href=\"https:\/\/vibeit.nu\/en\/subscription\/\">Subscription<\/a><\/li>\n<li id=\"menu-item-6965\" class=\"menu-item menu-item-type-post_type menu-item-object-page menu-item-6965\"><a href=\"https:\/\/vibeit.nu\/en\/mobile-broadband\/\">Hemsida<\/a><\/li>\n<li id=\"menu-item-6311\" class=\"menu-item menu-item-type-post_type menu-item-object-page menu-item-6311\"><a href=\"https:\/\/vibeit.nu\/en\/telephone-exchange\/\">Telephone exchange<\/a><\/li>\n<\/ul><\/div><\/div><\/div>\n\t\t\t<\/div> \n\t\t<\/div>\n\t<\/div> \n<\/div><\/div>\n\t\t<div id=\"fws_69e355b350ac6\"  data-column-margin=\"default\" data-midnight=\"dark\"  class=\"wpb_row vc_row-fluid vc_row full-width-section sub_menu\"  style=\"padding-top: 0px; padding-bottom: 0px; \"><div class=\"row-bg-wrap\" data-bg-animation=\"none\" data-bg-overlay=\"false\"><div class=\"inner-wrap\"><div class=\"row-bg viewport-desktop using-bg-color\"  style=\"background-color: #87a1ba; \"><\/div><\/div><\/div><div class=\"row_col_wrap_12 col span_12 dark left\">\n\t<div  class=\"vc_col-sm-12 vc_hidden-lg vc_hidden-md vc_hidden-sm wpb_column column_container vc_column_container col no-extra-padding inherit_tablet inherit_phone\"  data-padding-pos=\"all\" data-has-bg-color=\"false\" data-bg-color=\"\" data-bg-opacity=\"1\" data-animation=\"\" data-delay=\"0\" >\n\t\t<div class=\"vc_column-inner\" >\n\t\t\t<div class=\"wpb_wrapper\">\n\t\t\t\t<div class=\"nectar-cta sub_page_menu active alignment_tablet_default alignment_phone_default display_tablet_inherit display_phone_inherit\" data-color=\"default\" data-using-bg=\"false\" data-style=\"basic\" data-display=\"block\" data-alignment=\"center\" data-text-color=\"std\" style=\"margin-top: 10%; \"><h6><span class=\"link_wrap\" ><a  class=\"link_text\" href=\"https:\/\/vibeit.nu\/en\/mobile-broadband\/\"><span class=\"text\">Mobile broadband<\/span><\/a><\/span><\/h6><\/div><div class=\"nectar-cta sub_page_menu alignment_tablet_default alignment_phone_default display_tablet_inherit display_phone_inherit\" data-color=\"default\" data-using-bg=\"false\" data-style=\"basic\" data-display=\"block\" data-alignment=\"center\" data-text-color=\"std\" ><h6><span class=\"link_wrap\" ><a  class=\"link_text\" href=\"https:\/\/vibeit.nu\/en\/subscription\/\"><span class=\"text\">subscription<\/span><\/a><\/span><\/h6><\/div><div class=\"nectar-cta sub_page_menu alignment_tablet_default alignment_phone_default display_tablet_inherit display_phone_inherit\" data-color=\"default\" data-using-bg=\"false\" data-style=\"basic\" data-display=\"block\" data-alignment=\"center\" data-text-color=\"std\" style=\"margin-bottom: 10%; \"><h6><span class=\"link_wrap\" ><a  class=\"link_text\" href=\"https:\/\/vibeit.nu\/en\/telephone-exchange\/\"><span class=\"text\">Telephone exchange<\/span><\/a><\/span><\/h6><\/div>\n\t\t\t<\/div> \n\t\t<\/div>\n\t<\/div> \n<\/div><\/div>\n\t\t<div id=\"fws_69e355b35135e\"  data-column-margin=\"default\" data-midnight=\"dark\" data-top-percent=\"5%\" data-bottom-percent=\"5%\"  class=\"wpb_row vc_row-fluid vc_row vc_row-o-equal-height vc_row-flex vc_row-o-content-middle  shape_divider_phone_15pct reverse_columns_column_phone\"  style=\"padding-top: calc(100vw * 0.05); padding-bottom: calc(100vw * 0.05); \"><div class=\"row-bg-wrap\" data-bg-animation=\"none\" data-bg-overlay=\"false\"><div class=\"inner-wrap\"><div class=\"row-bg viewport-desktop\"  style=\"\"><\/div><\/div><\/div><div class=\"row_col_wrap_12 col span_12 dark left\">\n\t<div  class=\"vc_col-sm-8 wpb_column column_container vc_column_container col no-extra-padding inherit_tablet inherit_phone\"  data-padding-pos=\"all\" data-has-bg-color=\"false\" data-bg-color=\"\" data-bg-opacity=\"1\" data-animation=\"\" data-delay=\"0\" >\n\t\t<div class=\"vc_column-inner\" >\n\t\t\t<div class=\"wpb_wrapper\">\n\t\t\t\t\n<div class=\"wpb_text_column wpb_content_element  vc_custom_1646819531729 dark_text\" style=\" max-width: 650px; display: inline-block;\">\n\t<div class=\"wpb_wrapper\">\n\t\t<h2><strong>Unlimited mobile broadband up to 80mbit\/s right now for only 599\/month<\/strong><\/h2>\n\t<\/div>\n<\/div>\n\n\n\n\n<div class=\"wpb_text_column wpb_content_element  dark_text\" style=\" max-width: 650px; display: inline-block;\">\n\t<div class=\"wpb_wrapper\">\n\t\t<h5>Did you know that we run a campaign when you order via the website? High speed in Tele2&#039;s famous mobile network that covers 80% of Sweden&#039;s surface.<\/h5>\n\t<\/div>\n<\/div>\n\n\n\n<div id=\"fws_69e355b351be2\" data-midnight=\"\" data-column-margin=\"default\" class=\"wpb_row vc_row-fluid vc_row inner_row dark_text\"  style=\"\"><div class=\"row-bg-wrap\"> <div class=\"row-bg\" ><\/div> <\/div><div class=\"row_col_wrap_12_inner col span_12  left\">\n\t<div  class=\"vc_col-sm-3 wpb_column column_container vc_column_container col child_column no-extra-padding inherit_tablet inherit_phone\"   data-padding-pos=\"all\" data-has-bg-color=\"false\" data-bg-color=\"\" data-bg-opacity=\"1\" data-animation=\"\" data-delay=\"0\" >\n\t\t<div class=\"vc_column-inner\" >\n\t\t<div class=\"wpb_wrapper\">\n\t\t\t<div class=\"nectar-cta  border_color_333333 border_thickness_3px alignment_tablet_default alignment_phone_default display_tablet_inherit display_phone_inherit font_size_desktop_20px\" data-color=\"default\" data-using-bg=\"false\" data-style=\"basic\" data-display=\"block\" data-alignment=\"left\" data-text-color=\"custom\" style=\"margin-top: 3%; \"><h5 style=\"color: #333333;\"><span class=\"link_wrap\" style=\"padding-top: 3%; padding-right: 15px; padding-bottom: 3%; padding-left: 15px;\"><a  class=\"link_text\" href=\"\"><span class=\"text\">30GB SEK 299<\/span><\/a><\/span><\/h5><\/div>\n\t\t<\/div> \n\t<\/div>\n\t<\/div> \n\n\t<div  class=\"vc_col-sm-3 wpb_column column_container vc_column_container col child_column no-extra-padding inherit_tablet inherit_phone\"   data-padding-pos=\"all\" data-has-bg-color=\"false\" data-bg-color=\"\" data-bg-opacity=\"1\" data-animation=\"\" data-delay=\"0\" >\n\t\t<div class=\"vc_column-inner\" >\n\t\t<div class=\"wpb_wrapper\">\n\t\t\t<div class=\"nectar-cta  border_color_333333 border_thickness_3px alignment_tablet_default alignment_phone_default display_tablet_inherit display_phone_inherit font_size_desktop_20px\" data-color=\"default\" data-using-bg=\"false\" data-style=\"basic\" data-display=\"block\" data-alignment=\"left\" data-text-color=\"custom\" style=\"margin-top: 3%; \"><h5 style=\"color: #333333;\"><span class=\"link_wrap\" style=\"padding-top: 3%; padding-right: 3%; padding-bottom: 3%; padding-left: 3%;\"><a  class=\"link_text\" href=\"\"><span class=\"text\">100GB SEK 549<\/span><\/a><\/span><\/h5><\/div>\n\t\t<\/div> \n\t<\/div>\n\t<\/div> \n\n\t<div  class=\"vc_col-sm-3 wpb_column column_container vc_column_container col child_column no-extra-padding inherit_tablet inherit_phone\"   data-padding-pos=\"all\" data-has-bg-color=\"false\" data-bg-color=\"\" data-bg-opacity=\"1\" data-animation=\"\" data-delay=\"0\" >\n\t\t<div class=\"vc_column-inner\" >\n\t\t<div class=\"wpb_wrapper\">\n\t\t\t\n\t\t<\/div> \n\t<\/div>\n\t<\/div> \n<\/div><\/div>\n\t\t\t<\/div> \n\t\t<\/div>\n\t<\/div> \n\n\t<div  class=\"vc_col-sm-4 wpb_column column_container vc_column_container col no-extra-padding inherit_tablet inherit_phone\"  data-padding-pos=\"all\" data-has-bg-color=\"false\" data-bg-color=\"\" data-bg-opacity=\"1\" data-animation=\"\" data-delay=\"0\" >\n\t\t<div class=\"vc_column-inner\" >\n\t\t\t<div class=\"wpb_wrapper\">\n\t\t\t\t<div class=\"img-with-aniamtion-wrap center\" data-max-width=\"150%\" data-max-width-mobile=\"default\" data-shadow=\"none\" data-animation=\"fade-in\" >\n      <div class=\"inner\">\n        <div class=\"hover-wrap\"> \n          <div class=\"hover-wrap-inner\">\n            <img loading=\"lazy\" decoding=\"async\" class=\"img-with-animation skip-lazy\" data-delay=\"0\" height=\"900\" width=\"900\" data-animation=\"fade-in\" src=\"https:\/\/vibeit.nu\/wp-content\/uploads\/2022\/03\/kindpng_572577.png\" alt=\"\" srcset=\"https:\/\/vibeit.nu\/wp-content\/uploads\/2022\/03\/kindpng_572577.png 900w, https:\/\/vibeit.nu\/wp-content\/uploads\/2022\/03\/kindpng_572577-300x300.png 300w, https:\/\/vibeit.nu\/wp-content\/uploads\/2022\/03\/kindpng_572577-150x150.png 150w, https:\/\/vibeit.nu\/wp-content\/uploads\/2022\/03\/kindpng_572577-768x768.png 768w, https:\/\/vibeit.nu\/wp-content\/uploads\/2022\/03\/kindpng_572577-100x100.png 100w, https:\/\/vibeit.nu\/wp-content\/uploads\/2022\/03\/kindpng_572577-140x140.png 140w, https:\/\/vibeit.nu\/wp-content\/uploads\/2022\/03\/kindpng_572577-500x500.png 500w, https:\/\/vibeit.nu\/wp-content\/uploads\/2022\/03\/kindpng_572577-350x350.png 350w, https:\/\/vibeit.nu\/wp-content\/uploads\/2022\/03\/kindpng_572577-800x800.png 800w\" sizes=\"auto, (max-width: 900px) 100vw, 900px\" \/>\n          <\/div>\n        <\/div>\n      <\/div>\n    <\/div>\n\t\t\t<\/div> \n\t\t<\/div>\n\t<\/div> \n<\/div><\/div>\n\t\t<div id=\"fws_69e355b353916\"  data-column-margin=\"default\" data-midnight=\"dark\"  class=\"wpb_row vc_row-fluid vc_row full-width-content vc_row-o-equal-height vc_row-flex vc_row-o-content-middle page_row\"  style=\"padding-top: 0px; padding-bottom: 0px; \"><div class=\"row-bg-wrap\" data-bg-animation=\"none\" data-bg-overlay=\"true\"><div class=\"inner-wrap\"><div class=\"row-bg viewport-desktop\"  style=\"\"><\/div><\/div><div class=\"row-bg-overlay\" style=\"background-color:rgba(0,0,0,0.01);  opacity: 0.5; \"><\/div><\/div><div class=\"row_col_wrap_12 col span_12 dark left\">\n\t<div style=\"\" class=\"vc_col-sm-6 wpb_column column_container vc_column_container col no-extra-padding inherit_tablet inherit_phone\" data-using-bg=\"true\" data-bg-cover=\"true\" data-padding-pos=\"all\" data-has-bg-color=\"false\" data-bg-color=\"\" data-bg-opacity=\"1\" data-animation=\"\" data-delay=\"0\" >\n\t\t<div class=\"vc_column-inner\" ><div class=\"column-image-bg-wrap viewport-desktop\" data-bg-pos=\"center center\" data-bg-animation=\"none\" data-bg-overlay=\"false\"><div class=\"inner-wrap\"><div class=\"column-image-bg\" style=\" background-image: url('https:\/\/vibeit.nu\/wp-content\/uploads\/2022\/03\/211e48e0-d25d-4ab0-abe6-5544ca0989ed.webp'); \"><\/div><\/div><\/div>\n\t\t\t<div class=\"wpb_wrapper\">\n\t\t\t\t\n\t\t\t<\/div> \n\t\t<\/div>\n\t<\/div> \n\n\t<div  class=\"vc_col-sm-6 wpb_column column_container vc_column_container col padding-7-percent inherit_tablet inherit_phone\"  data-padding-pos=\"all\" data-has-bg-color=\"false\" data-bg-color=\"\" data-bg-opacity=\"1\" data-animation=\"\" data-delay=\"0\" >\n\t\t<div class=\"vc_column-inner\" >\n\t\t\t<div class=\"wpb_wrapper\">\n\t\t\t\t\n<div class=\"wpb_text_column wpb_content_element  vc_custom_1646819583025 dark_text\" >\n\t<div class=\"wpb_wrapper\">\n\t\t<h2><strong>Why should I have a mobile broadband?\u00a0<\/strong><\/h2>\n\t<\/div>\n<\/div>\n\n\n\n\n<div class=\"wpb_text_column wpb_content_element  dark_text\" >\n\t<div class=\"wpb_wrapper\">\n\t\t<h5>Are you on the move a lot? Do you not fully trust your internet provider? Do you feel like you want the freedom to surf wherever you want? Our mobile broadband gives you the opportunity to surf all over Sweden on the 3G and 4G network.<\/h5>\n\t<\/div>\n<\/div>\n\n\n\n\n<div class=\"wpb_text_column wpb_content_element  vc_custom_1646819606772 dark_text\" >\n\t<div class=\"wpb_wrapper\">\n\t\t<h5>Tele2&#039;s network is otherwise very well known for its stability and high speed. When you sign up for a mobile broadband, you get a SIM card that you can insert into any device that supports mobile surfing. Perfect when you&#039;re out and about, on your way to a customer visit or want to use your tablet in the car? Then a mobile broadband is perfect for you!<\/h5>\n\t<\/div>\n<\/div>\n\n\n\n\n\t\t\t<\/div> \n\t\t<\/div>\n\t<\/div> \n<\/div><\/div>\n\t\t<div id=\"fws_69e355b3553ea\"  data-column-margin=\"default\" data-midnight=\"dark\"  class=\"wpb_row vc_row-fluid vc_row full-width-content vc_row-o-equal-height vc_row-flex vc_row-o-content-middle page_row reverse_columns_desktop\"  style=\"padding-top: 0px; padding-bottom: 0px; \"><div class=\"row-bg-wrap\" data-bg-animation=\"none\" data-bg-overlay=\"true\"><div class=\"inner-wrap\"><div class=\"row-bg viewport-desktop\"  style=\"\"><\/div><\/div><div class=\"row-bg-overlay\" style=\"background-color:rgba(0,0,0,0.01);  opacity: 0.5; \"><\/div><\/div><div class=\"row_col_wrap_12 col span_12 dark left\">\n\t<div style=\"\" class=\"vc_col-sm-6 vc_hidden-sm vc_hidden-xs wpb_column column_container vc_column_container col no-extra-padding inherit_tablet inherit_phone\" data-using-bg=\"true\" data-bg-cover=\"true\" data-padding-pos=\"all\" data-has-bg-color=\"false\" data-bg-color=\"\" data-bg-opacity=\"1\" data-animation=\"\" data-delay=\"0\" >\n\t\t<div class=\"vc_column-inner\" ><div class=\"column-image-bg-wrap viewport-desktop\" data-bg-pos=\"right center\" data-bg-animation=\"none\" data-bg-overlay=\"false\"><div class=\"inner-wrap\"><div class=\"column-image-bg\" style=\" background-image: url('https:\/\/vibeit.nu\/wp-content\/uploads\/2022\/03\/P1010824-scaled.jpg'); \"><\/div><\/div><\/div>\n\t\t\t<div class=\"wpb_wrapper\">\n\t\t\t\t\n\t\t\t<\/div> \n\t\t<\/div>\n\t<\/div> \n\n\t<div  class=\"vc_col-sm-6 wpb_column column_container vc_column_container col padding-7-percent inherit_tablet inherit_phone\"  data-padding-pos=\"all\" data-has-bg-color=\"false\" data-bg-color=\"\" data-bg-opacity=\"1\" data-animation=\"\" data-delay=\"0\" >\n\t\t<div class=\"vc_column-inner\" >\n\t\t\t<div class=\"wpb_wrapper\">\n\t\t\t\t\n<div class=\"wpb_text_column wpb_content_element  vc_custom_1645533772043 dark_text\" >\n\t<div class=\"wpb_wrapper\">\n\t\t<h1 class=\"font_0\">Collect a lot - get more.\u200b<\/h1>\n\t<\/div>\n<\/div>\n\n\n\n\n<div class=\"wpb_text_column wpb_content_element  vc_custom_1645533778286 dark_text\" >\n\t<div class=\"wpb_wrapper\">\n\t\t<h5 class=\"font_0\">Now you get the opportunity to save more when you bundle your mobile subscriptions with us. The more you collect, the more discount you get - simple!<\/h5>\n\t<\/div>\n<\/div>\n\n\n\n\n<div class=\"wpb_text_column wpb_content_element  vc_custom_1646223197538 dark_text\" >\n\t<div class=\"wpb_wrapper\">\n\t\t<h5 class=\"font_0\">Do you have a friend you want to recruit to us? Then you have just arranged half the price on your invoice for the next 3 months!<\/h5>\n\t<\/div>\n<\/div>\n\n\n\n\n\t\t\t<\/div> \n\t\t<\/div>\n\t<\/div> \n<\/div><\/div>\n\t\t<div id=\"fws_69e355b3560b4\"  data-column-margin=\"default\" data-midnight=\"dark\"  class=\"wpb_row vc_row-fluid vc_row full-width-content vc_row-o-equal-height vc_row-flex vc_row-o-content-middle page_row\"  style=\"padding-top: 0px; padding-bottom: 0px; \"><div class=\"row-bg-wrap\" data-bg-animation=\"none\" data-bg-overlay=\"true\"><div class=\"inner-wrap\"><div class=\"row-bg viewport-desktop\"  style=\"\"><\/div><\/div><div class=\"row-bg-overlay\" style=\"background-color:rgba(0,0,0,0.01);  opacity: 0.5; \"><\/div><\/div><div class=\"row_col_wrap_12 col span_12 dark left\">\n\t<div style=\"\" class=\"vc_col-sm-6 vc_hidden-sm vc_hidden-xs wpb_column column_container vc_column_container col no-extra-padding inherit_tablet inherit_phone\" data-using-bg=\"true\" data-bg-cover=\"true\" data-padding-pos=\"all\" data-has-bg-color=\"false\" data-bg-color=\"\" data-bg-opacity=\"1\" data-animation=\"\" data-delay=\"0\" >\n\t\t<div class=\"vc_column-inner\" ><div class=\"column-image-bg-wrap viewport-desktop\" data-bg-pos=\"center center\" data-bg-animation=\"none\" data-bg-overlay=\"false\"><div class=\"inner-wrap\"><div class=\"column-image-bg\" style=\" background-image: url('https:\/\/vibeit.nu\/wp-content\/uploads\/2022\/03\/omid-armin-B2w4rdIihEo-unsplash-scaled.jpg'); \"><\/div><\/div><\/div>\n\t\t\t<div class=\"wpb_wrapper\">\n\t\t\t\t\n\t\t\t<\/div> \n\t\t<\/div>\n\t<\/div> \n\n\t<div  class=\"vc_col-sm-6 wpb_column column_container vc_column_container col padding-7-percent inherit_tablet inherit_phone\"  data-padding-pos=\"all\" data-has-bg-color=\"false\" data-bg-color=\"\" data-bg-opacity=\"1\" data-animation=\"\" data-delay=\"0\" >\n\t\t<div class=\"vc_column-inner\" >\n\t\t\t<div class=\"wpb_wrapper\">\n\t\t\t\t\n<div class=\"wpb_text_column wpb_content_element  vc_custom_1646223050970 dark_text\" >\n\t<div class=\"wpb_wrapper\">\n\t\t<h1 class=\"font_0\">Boundless communication within the entire EU<\/h1>\n\t<\/div>\n<\/div>\n\n\n\n\n<div class=\"wpb_text_column wpb_content_element  vc_custom_1646223058910 dark_text\" >\n\t<div class=\"wpb_wrapper\">\n\t\t<h5 class=\"font_0\">Did you know that your subscription works the same outside the EU as it does at home in Sweden?<\/h5>\n\t<\/div>\n<\/div>\n\n\n\n\n\t\t\t<\/div> \n\t\t<\/div>\n\t<\/div> \n<\/div><\/div>","protected":false},"excerpt":{"rendered":"Vi har l\u00f6sningar till allt inom mobilabonnemang Surfa raketsnabbt med oss! Mobila bredband Abonnemang Hemsida V\u00e4xel Mobila bredbandabonnemangV\u00e4xel Obegr\u00e4nsat Mobiltbredband upp till 80mbit\/s just nu...","protected":false},"author":1,"featured_media":0,"parent":0,"menu_order":0,"comment_status":"closed","ping_status":"closed","template":"","meta":{"footnotes":""},"class_list":["post-5962","page","type-page","status-publish"],"_links":{"self":[{"href":"https:\/\/vibeit.nu\/en\/wp-json\/wp\/v2\/pages\/5962","targetHints":{"allow":["GET"]}}],"collection":[{"href":"https:\/\/vibeit.nu\/en\/wp-json\/wp\/v2\/pages"}],"about":[{"href":"https:\/\/vibeit.nu\/en\/wp-json\/wp\/v2\/types\/page"}],"author":[{"embeddable":true,"href":"https:\/\/vibeit.nu\/en\/wp-json\/wp\/v2\/users\/1"}],"replies":[{"embeddable":true,"href":"https:\/\/vibeit.nu\/en\/wp-json\/wp\/v2\/comments?post=5962"}],"version-history":[{"count":61,"href":"https:\/\/vibeit.nu\/en\/wp-json\/wp\/v2\/pages\/5962\/revisions"}],"predecessor-version":[{"id":6943,"href":"https:\/\/vibeit.nu\/en\/wp-json\/wp\/v2\/pages\/5962\/revisions\/6943"}],"wp:attachment":[{"href":"https:\/\/vibeit.nu\/en\/wp-json\/wp\/v2\/media?parent=5962"}],"curies":[{"name":"wp","href":"https:\/\/api.w.org\/{rel}","templated":true}]}}